{"id":6580,"date":"2026-05-11T16:16:42","date_gmt":"2026-05-11T14:16:42","guid":{"rendered":"https:\/\/ommej.se\/?page_id=6580"},"modified":"2026-05-12T09:09:24","modified_gmt":"2026-05-12T07:09:24","slug":"logga-in-som-barn","status":"publish","type":"page","link":"https:\/\/ommej.se\/en\/logga-in-som-barn\/","title":{"rendered":"As a child\/young person"},"content":{"rendered":"<div style=\"height:40px\" aria-hidden=\"true\" class=\"wp-block-spacer\"><\/div>\n\n\n\n<div class=\"wp-block-group is-layout-constrained wp-block-group-is-layout-constrained\">\n<div class=\"wp-block-columns is-layout-flex wp-container-core-columns-is-layout-2 wp-block-columns-is-layout-flex\" style=\"border-style:none;border-width:0px;margin-top:0;margin-bottom:0;padding-top:var(--wp--preset--spacing--50);padding-right:var(--wp--preset--spacing--50);padding-bottom:var(--wp--preset--spacing--50);padding-left:var(--wp--preset--spacing--50)\">\n<div class=\"wp-block-column is-layout-flow wp-block-column-is-layout-flow\">\n<div class=\"wp-block-group has-background is-layout-constrained wp-block-group-is-layout-constrained\" style=\"border-radius:16px;background-color:#f7f7f7;margin-top:0;margin-bottom:0;padding-top:var(--wp--preset--spacing--50);padding-right:var(--wp--preset--spacing--80);padding-bottom:var(--wp--preset--spacing--50);padding-left:var(--wp--preset--spacing--80)\">\n<h2 class=\"wp-block-heading has-text-align-center\">Download the app<\/h2>\n\n\n\n<p>Download the app and log in to use Ommej on your mobile.<\/p>\n\n\n\n<div style=\"height:32px\" aria-hidden=\"true\" class=\"wp-block-spacer\"><\/div>\n\n\n\n<figure class=\"wp-block-image aligncenter size-full is-resized\"><img decoding=\"async\" width=\"542\" height=\"479\" src=\"https:\/\/ommej.se\/wp-content\/uploads\/2025\/08\/3_views_app_mockup_strong_angle.svg\" alt=\"\" class=\"wp-image-5354\" style=\"width:238px;height:auto\"\/><\/figure>\n\n\n\n<div style=\"height:16px\" aria-hidden=\"true\" class=\"wp-block-spacer\"><\/div>\n\n\n\n<div class=\"wp-block-group is-content-justification-center is-layout-flex wp-container-core-group-is-layout-1 wp-block-group-is-layout-flex\" style=\"padding-top:0;padding-right:0;padding-bottom:0;padding-left:0\">\n<figure class=\"wp-block-image size-full is-resized has-custom-border\"><a href=\"https:\/\/play.google.com\/store\/apps\/details?id=se.ommej.app\" target=\"_blank\" rel=\"noopener\"><img decoding=\"async\" width=\"160\" height=\"49\" src=\"https:\/\/ommej.se\/wp-content\/uploads\/2025\/08\/GetItOnGooglePlay_Badge_Web_color_Swedish-1.svg\" alt=\"\" class=\"wp-image-5381\" style=\"border-style:none;border-width:0px;border-radius:0px;aspect-ratio:3.3137254901960786;object-fit:cover;width:169px;height:auto\"\/><\/a><\/figure>\n\n\n\n<figure class=\"wp-block-image size-full is-resized\"><a href=\"https:\/\/apps.apple.com\/se\/app\/ommej\/id6444348238\" target=\"_blank\" rel=\"noopener\"><img decoding=\"async\" width=\"119\" height=\"40\" src=\"https:\/\/ommej.se\/wp-content\/uploads\/2025\/08\/black.svg\" alt=\"\" class=\"wp-image-5380\" style=\"object-fit:cover;width:150px;height:50px\"\/><\/a><\/figure>\n<\/div>\n<\/div>\n<\/div>\n\n\n\n<div class=\"wp-block-column is-layout-flow wp-block-column-is-layout-flow\">\n<div class=\"wp-block-group has-background is-layout-constrained wp-block-group-is-layout-constrained\" style=\"border-radius:16px;background-color:#f6f6fc;margin-top:0;margin-bottom:0;padding-top:var(--wp--preset--spacing--50);padding-right:var(--wp--preset--spacing--80);padding-bottom:var(--wp--preset--spacing--50);padding-left:var(--wp--preset--spacing--80)\">\n<h2 class=\"wp-block-heading has-text-align-center\">Use the web app<\/h2>\n\n\n\n<p>Open the app directly in your browser, without downloading it.<\/p>\n\n\n\n<div style=\"height:32px\" aria-hidden=\"true\" class=\"wp-block-spacer\"><\/div>\n\n\n\n<figure class=\"wp-block-image aligncenter size-full is-resized\"><img decoding=\"async\" width=\"2048\" height=\"1241\" src=\"https:\/\/ommej.se\/wp-content\/uploads\/2026\/05\/Silver-1.svg\" alt=\"\" class=\"wp-image-6616\" style=\"width:297px;height:auto\"\/><\/figure>\n\n\n\n<div style=\"height:32px\" aria-hidden=\"true\" class=\"wp-block-spacer\"><\/div>\n\n\n\n<div class=\"wp-block-columns is-layout-flex wp-container-core-columns-is-layout-1 wp-block-columns-is-layout-flex\">\n<div class=\"wp-block-column is-vertically-aligned-center is-layout-flow wp-block-column-is-layout-flow\">\n<div class=\"wp-block-buttons is-content-justification-center is-layout-flex wp-container-core-buttons-is-layout-1 wp-block-buttons-is-layout-flex\">\n<div class=\"wp-block-button is-style-fill\"><a class=\"wp-block-button__link has-raft-accent-background-color has-background wp-element-button\" href=\"https:\/\/app.ommej.se\">Open the web app<\/a><\/div>\n<\/div>\n<\/div>\n<\/div>\n<\/div>\n<\/div>\n<\/div>\n<\/div>\n\n\n\n<div style=\"height:80px\" aria-hidden=\"true\" class=\"wp-block-spacer\"><\/div>\n\n\n\n<div class=\"wp-block-columns is-layout-flex wp-container-core-columns-is-layout-3 wp-block-columns-is-layout-flex\">\n<div class=\"wp-block-column is-layout-flow wp-block-column-is-layout-flow\"><\/div>\n\n\n\n<div class=\"wp-block-column is-layout-flow wp-block-column-is-layout-flow\"><\/div>\n<\/div>","protected":false},"excerpt":{"rendered":"<p>Ladda ner appen Ladda ner appen och logga in f\u00f6r att anv\u00e4nda Ommej p\u00e5 mobilen. Anv\u00e4nd webbappen \u00d6ppna appen direkt i din webbl\u00e4sare, utan att ladda ner den.<\/p>","protected":false},"author":8,"featured_media":0,"parent":0,"menu_order":0,"comment_status":"closed","ping_status":"closed","template":"","meta":{"content-type":"","_themeisle_gutenberg_block_has_review":false,"footnotes":""},"_links":{"self":[{"href":"https:\/\/ommej.se\/en\/wp-json\/wp\/v2\/pages\/6580"}],"collection":[{"href":"https:\/\/ommej.se\/en\/wp-json\/wp\/v2\/pages"}],"about":[{"href":"https:\/\/ommej.se\/en\/wp-json\/wp\/v2\/types\/page"}],"author":[{"embeddable":true,"href":"https:\/\/ommej.se\/en\/wp-json\/wp\/v2\/users\/8"}],"replies":[{"embeddable":true,"href":"https:\/\/ommej.se\/en\/wp-json\/wp\/v2\/comments?post=6580"}],"version-history":[{"count":6,"href":"https:\/\/ommej.se\/en\/wp-json\/wp\/v2\/pages\/6580\/revisions"}],"predecessor-version":[{"id":6620,"href":"https:\/\/ommej.se\/en\/wp-json\/wp\/v2\/pages\/6580\/revisions\/6620"}],"wp:attachment":[{"href":"https:\/\/ommej.se\/en\/wp-json\/wp\/v2\/media?parent=6580"}],"curies":[{"name":"wp","href":"https:\/\/api.w.org\/{rel}","templated":true}]}}